{"id":5,"date":"2013-04-22T15:20:33","date_gmt":"2013-04-22T15:20:33","guid":{"rendered":"http:\/\/fallacarteros.com\/?page_id=2"},"modified":"2023-05-23T11:06:16","modified_gmt":"2023-05-23T11:06:16","slug":"sample-page-2","status":"publish","type":"page","link":"http:\/\/fallacarteros.com\/","title":{"rendered":"falla carteros"},"content":{"rendered":"\n<p><strong>Bienvenidos a la Web de la Falla Carteros!<\/strong><\/p>\n\n\n\n<p>Somos una falla que pertenece al sector de La Creu Coberta, nuestra comisi\u00f3n esta formada por mas de 300 integrantes entre mayores e infantiles. Con m\u00e1s de 40 a\u00f1os de historia a nuestra espalda, trabajamos cada ejercicio para que nuestra demarcaci\u00f3n sea participe de nuestra fiesta; falleros y vecinos disfrutamos de cada acto en gran armon\u00eda.<\/p>\n\n\n\n<p>As\u00ed que si&nbsp;quer\u00e9is&nbsp;sentir las Fallas como nosotros, os esperamos!!!<\/p>\n\n\n\n<p class=\"has-text-align-center\">&nbsp;<\/p>\n\n\n<div class=\"wp-block-image\">\n<figure class=\"aligncenter size-full is-resized\"><a href=\"http:\/\/fallacarteros.com\/wp-content\/uploads\/2023\/05\/IMG-20230523-WA0006.jpg\"><img loading=\"lazy\" decoding=\"async\" src=\"http:\/\/fallacarteros.com\/wp-content\/uploads\/2023\/05\/IMG-20230523-WA0006.jpg\" alt=\"\" class=\"wp-image-1323\" width=\"508\" height=\"512\" srcset=\"http:\/\/fallacarteros.com\/wp-content\/uploads\/2023\/05\/IMG-20230523-WA0006.jpg 1016w, http:\/\/fallacarteros.com\/wp-content\/uploads\/2023\/05\/IMG-20230523-WA0006-298x300.jpg 298w, http:\/\/fallacarteros.com\/wp-content\/uploads\/2023\/05\/IMG-20230523-WA0006-150x150.jpg 150w, http:\/\/fallacarteros.com\/wp-content\/uploads\/2023\/05\/IMG-20230523-WA0006-768x774.jpg 768w\" sizes=\"(max-width: 508px) 100vw, 508px\" \/><\/a><\/figure><\/div>","protected":false},"excerpt":{"rendered":"<p>Bienvenidos a la Web de la Falla Carteros! Somos una falla que pertenece al sector de La Creu Coberta, nuestra comisi\u00f3n esta formada por mas de 300 integrantes entre mayores &hellip; <a href=\"http:\/\/fallacarteros.com\/\" class=\"more-link\">Seguir leyendo <span class=\"screen-reader-text\">falla carteros<\/span> <span class=\"meta-nav\">&rarr;<\/span><\/a><\/p>\n","protected":false},"author":1,"featured_media":0,"parent":0,"menu_order":0,"comment_status":"closed","ping_status":"closed","template":"","meta":{"footnotes":""},"jetpack_sharing_enabled":true,"_links":{"self":[{"href":"http:\/\/fallacarteros.com\/index.php?rest_route=\/wp\/v2\/pages\/5"}],"collection":[{"href":"http:\/\/fallacarteros.com\/index.php?rest_route=\/wp\/v2\/pages"}],"about":[{"href":"http:\/\/fallacarteros.com\/index.php?rest_route=\/wp\/v2\/types\/page"}],"author":[{"embeddable":true,"href":"http:\/\/fallacarteros.com\/index.php?rest_route=\/wp\/v2\/users\/1"}],"replies":[{"embeddable":true,"href":"http:\/\/fallacarteros.com\/index.php?rest_route=%2Fwp%2Fv2%2Fcomments&post=5"}],"version-history":[{"count":32,"href":"http:\/\/fallacarteros.com\/index.php?rest_route=\/wp\/v2\/pages\/5\/revisions"}],"predecessor-version":[{"id":1325,"href":"http:\/\/fallacarteros.com\/index.php?rest_route=\/wp\/v2\/pages\/5\/revisions\/1325"}],"wp:attachment":[{"href":"http:\/\/fallacarteros.com\/index.php?rest_route=%2Fwp%2Fv2%2Fmedia&parent=5"}],"curies":[{"name":"wp","href":"https:\/\/api.w.org\/{rel}","templated":true}]}}